{"id":47,"date":"2025-06-13T23:54:49","date_gmt":"2025-06-13T23:54:49","guid":{"rendered":"https:\/\/juanmontoyaweddings.com\/?page_id=47"},"modified":"2026-05-11T20:23:08","modified_gmt":"2026-05-11T20:23:08","slug":"filmmaker-for-weddings","status":"publish","type":"page","link":"https:\/\/juanmontoyaweddings.com\/es\/filmmaker-for-weddings\/","title":{"rendered":"CONTACT"},"content":{"rendered":"<div data-elementor-type=\"wp-page\" data-elementor-id=\"47\" class=\"elementor elementor-47\" data-elementor-post-type=\"page\">\n\t\t\t\t<div class=\"elementor-element elementor-element-975b5ea e-con-full e-flex e-con e-parent\" data-id=\"975b5ea\" data-element_type=\"container\" data-e-type=\"container\">\n\t\t<div class=\"elementor-element elementor-element-4b5c95e e-con-full e-flex e-con e-child\" data-id=\"4b5c95e\" data-element_type=\"container\" data-e-type=\"container\">\n\t\t<div class=\"elementor-element elementor-element-a5173c6 e-con-full e-flex e-con e-child\" data-id=\"a5173c6\" data-element_type=\"container\" data-e-type=\"container\">\n\t\t\t\t<div class=\"elementor-element elementor-element-503f086 elementor-widget elementor-widget-heading\" data-id=\"503f086\" data-element_type=\"widget\" data-e-type=\"widget\" data-widget_type=\"heading.default\">\n\t\t\t\t<div class=\"elementor-widget-container\">\n\t\t\t\t\t<h1 class=\"elementor-heading-title elementor-size-default\">Filmmaker for wedding<\/h1>\t\t\t\t<\/div>\n\t\t\t\t<\/div>\n\t\t\t\t<\/div>\n\t\t<div class=\"elementor-element elementor-element-7d12b3f e-con-full e-flex e-con e-child\" data-id=\"7d12b3f\" data-element_type=\"container\" data-e-type=\"container\">\n\t\t<div class=\"elementor-element elementor-element-33ac64a e-con-full e-flex e-con e-child\" data-id=\"33ac64a\" data-element_type=\"container\" data-e-type=\"container\">\n\t\t\t\t<div class=\"elementor-element elementor-element-cc16b10 elementor-widget elementor-widget-heading\" data-id=\"cc16b10\" data-element_type=\"widget\" data-e-type=\"widget\" data-widget_type=\"heading.default\">\n\t\t\t\t<div class=\"elementor-widget-container\">\n\t\t\t\t\t<h2 class=\"elementor-heading-title elementor-size-default\">Hagamos match<\/h2>\t\t\t\t<\/div>\n\t\t\t\t<\/div>\n\t\t\t\t<div class=\"elementor-element elementor-element-fdd6c61 elementor-widget elementor-widget-text-editor\" data-id=\"fdd6c61\" data-element_type=\"widget\" data-e-type=\"widget\" data-widget_type=\"text-editor.default\">\n\t\t\t\t<div class=\"elementor-widget-container\">\n\t\t\t\t\t\t\t\t\t<p>Escr\u00edbenos y te enviaremos nuestro dossier con todos los detalles para contar su historia como se merece<\/p>\t\t\t\t\t\t\t\t<\/div>\n\t\t\t\t<\/div>\n\t\t\t\t<\/div>\n\t\t<div class=\"elementor-element elementor-element-ce7bd58 e-con-full e-flex e-con e-child\" data-id=\"ce7bd58\" data-element_type=\"container\" data-e-type=\"container\">\n\t\t\t\t<div class=\"elementor-element elementor-element-3a7152d elementor-widget elementor-widget-image\" data-id=\"3a7152d\" data-element_type=\"widget\" data-e-type=\"widget\" data-widget_type=\"image.default\">\n\t\t\t\t<div class=\"elementor-widget-container\">\n\t\t\t\t\t\t\t\t\t\t\t\t\t\t\t<img fetchpriority=\"high\" decoding=\"async\" width=\"2512\" height=\"2160\" src=\"https:\/\/juanmontoyaweddings.com\/wp-content\/uploads\/2026\/02\/IMG_9893.JPG.jpeg\" class=\"attachment-full size-full wp-image-1267\" alt=\"Idea de fotograf\u00eda de boda aesthetic\" srcset=\"https:\/\/juanmontoyaweddings.com\/wp-content\/uploads\/2026\/02\/IMG_9893.JPG.jpeg 2512w, https:\/\/juanmontoyaweddings.com\/wp-content\/uploads\/2026\/02\/IMG_9893.JPG-300x258.jpeg 300w, https:\/\/juanmontoyaweddings.com\/wp-content\/uploads\/2026\/02\/IMG_9893.JPG-1024x881.jpeg 1024w, https:\/\/juanmontoyaweddings.com\/wp-content\/uploads\/2026\/02\/IMG_9893.JPG-768x660.jpeg 768w, https:\/\/juanmontoyaweddings.com\/wp-content\/uploads\/2026\/02\/IMG_9893.JPG-1536x1321.jpeg 1536w, https:\/\/juanmontoyaweddings.com\/wp-content\/uploads\/2026\/02\/IMG_9893.JPG-2048x1761.jpeg 2048w, https:\/\/juanmontoyaweddings.com\/wp-content\/uploads\/2026\/02\/IMG_9893.JPG-14x12.jpeg 14w\" sizes=\"(max-width: 2512px) 100vw, 2512px\" \/>\t\t\t\t\t\t\t\t\t\t\t\t\t\t\t<\/div>\n\t\t\t\t<\/div>\n\t\t\t\t<\/div>\n\t\t\t\t<\/div>\n\t\t\t\t<\/div>\n\t\t\t\t<\/div>\n\t\t<div class=\"elementor-element elementor-element-3ec238e e-con-full e-flex e-con e-parent\" data-id=\"3ec238e\" data-element_type=\"container\" data-e-type=\"container\">\n\t\t<div class=\"elementor-element elementor-element-0f2674f e-con-full e-flex e-con e-child\" data-id=\"0f2674f\" data-element_type=\"container\" data-e-type=\"container\">\n\t\t<div class=\"elementor-element elementor-element-a9b5027 e-con-full e-flex e-con e-child\" data-id=\"a9b5027\" data-element_type=\"container\" data-e-type=\"container\">\n\t\t\t\t<div class=\"elementor-element elementor-element-066bd22 elementor-widget elementor-widget-shortcode\" data-id=\"066bd22\" data-element_type=\"widget\" data-e-type=\"widget\" data-widget_type=\"shortcode.default\">\n\t\t\t\t<div class=\"elementor-widget-container\">\n\t\t\t\t\t\t\t<div class=\"elementor-shortcode\">\n<div class=\"wpcf7 no-js\" id=\"wpcf7-f253-o1\" lang=\"en-US\" dir=\"ltr\" data-wpcf7-id=\"253\">\n<div class=\"screen-reader-response\"><p role=\"status\" aria-live=\"polite\" aria-atomic=\"true\"><\/p> <ul><\/ul><\/div>\n<form action=\"\/es\/wp-json\/wp\/v2\/pages\/47#wpcf7-f253-o1\" method=\"post\" class=\"wpcf7-form init\" aria-label=\"Contact form\" novalidate=\"novalidate\" data-status=\"init\" data-trp-original-action=\"\/es\/wp-json\/wp\/v2\/pages\/47#wpcf7-f253-o1\">\n<fieldset class=\"hidden-fields-container\"><input type=\"hidden\" name=\"_wpcf7\" value=\"253\" \/><input type=\"hidden\" name=\"_wpcf7_version\" value=\"6.1.5\" \/><input type=\"hidden\" name=\"_wpcf7_locale\" value=\"en_US\" \/><input type=\"hidden\" name=\"_wpcf7_unit_tag\" value=\"wpcf7-f253-o1\" \/><input type=\"hidden\" name=\"_wpcf7_container_post\" value=\"0\" \/><input type=\"hidden\" name=\"_wpcf7_posted_data_hash\" value=\"\" \/><input type=\"hidden\" name=\"_wpcf7_recaptcha_response\" value=\"\" \/>\n<\/fieldset>\n<div class=\"formsd\">\n <!-- Who is writing to us? -->\n\t<div class=\"input-group\">\n\t\t<p><label for=\"your-name\">\u00bfQui\u00e9n nos escribe?<\/label><br \/>\n<span class=\"wpcf7-form-control-wrap\" data-name=\"your-name\"><input size=\"40\" maxlength=\"400\" class=\"wpcf7-form-control wpcf7-text wpcf7-validates-as-required\" id=\"your-name\" aria-required=\"true\" aria-invalid=\"false\" value=\"\" type=\"text\" name=\"your-name\" \/><\/span>\n\t\t<\/p>\n\t<\/div>\n\n <!-- Your phone number -->\n\t<div class=\"input-group\">\n\t\t<p><label for=\"your-phone\">Tu n\u00famero celular<\/label><br \/>\n<span class=\"wpcf7-form-control-wrap\" data-name=\"your-phone\"><input size=\"40\" maxlength=\"400\" class=\"wpcf7-form-control wpcf7-tel wpcf7-validates-as-required wpcf7-text wpcf7-validates-as-tel\" id=\"your-phone\" aria-required=\"true\" aria-invalid=\"false\" value=\"\" type=\"tel\" name=\"your-phone\" \/><\/span>\n\t\t<\/p>\n\t<\/div>\n\n <!-- Your email -->\n\t<div class=\"input-group\">\n\t\t<p><label for=\"your-email\">Tu correo electr\u00f3nico<\/label><br \/>\n<span class=\"wpcf7-form-control-wrap\" data-name=\"your-email\"><input size=\"40\" maxlength=\"400\" class=\"wpcf7-form-control wpcf7-email wpcf7-text wpcf7-validates-as-email\" id=\"your-email\" aria-invalid=\"false\" value=\"\" type=\"email\" name=\"your-email\" \/><\/span>\n\t\t<\/p>\n\t<\/div>\n\n <!-- What is your wedding date? -->\n\t<div class=\"input-group\">\n\t\t<p><label for=\"wedding-date\">\u00bfCu\u00e1l es la fecha de tu boda?<\/label><br \/>\n<span class=\"wpcf7-form-control-wrap\" data-name=\"wedding-date\"><input class=\"wpcf7-form-control wpcf7-date wpcf7-validates-as-date\" id=\"wedding-date\" aria-invalid=\"false\" value=\"\" type=\"date\" name=\"wedding-date\" \/><\/span>\n\t\t<\/p>\n\t<\/div>\n\n <!-- What country and city do you live in? -->\n\t<div class=\"input-group\">\n\t\t<p><label for=\"city\">\u00bfEn qu\u00e9 pa\u00eds y ciudad vives?<\/label><br \/>\n<span class=\"wpcf7-form-control-wrap\" data-name=\"city\"><input size=\"40\" maxlength=\"400\" class=\"wpcf7-form-control wpcf7-text\" id=\"city\" aria-invalid=\"false\" value=\"\" type=\"text\" name=\"city\" \/><\/span>\n\t\t<\/p>\n\t<\/div>\n\n <!-- Where will the wedding be? (City and location) -->\n\t<div class=\"input-group\">\n\t\t<p><label for=\"wedding-location\">\u00bfD\u00f3nde ser\u00e1 la boda? (Ciudad y locaci\u00f3n)<\/label><br \/>\n<span class=\"wpcf7-form-control-wrap\" data-name=\"wedding-location\"><input size=\"40\" maxlength=\"400\" class=\"wpcf7-form-control wpcf7-text\" id=\"wedding-location\" aria-invalid=\"false\" value=\"\" type=\"text\" name=\"wedding-location\" \/><\/span>\n\t\t<\/p>\n\t<\/div>\n\n <!-- What suppliers have you hired so far? -->\n\t<div class=\"input-group\">\n\t\t<p><label for=\"vendors\">\u00bfQu\u00e9 proveedores haz contratado?<\/label><br \/>\n<span class=\"wpcf7-form-control-wrap\" data-name=\"vendors\"><input size=\"40\" maxlength=\"400\" class=\"wpcf7-form-control wpcf7-text\" id=\"vendors\" aria-invalid=\"false\" value=\"\" type=\"text\" name=\"vendors\" \/><\/span>\n\t\t<\/p>\n\t<\/div>\n\n <!-- Tell us a little about your story -->\n\t<div class=\"input-group\">\n\t\t<p><label for=\"story\">Cu\u00e9ntanos un poco de tu historia<\/label><br \/>\n<span class=\"wpcf7-form-control-wrap\" data-name=\"story\"><input size=\"40\" maxlength=\"400\" class=\"wpcf7-form-control wpcf7-text\" id=\"story\" aria-invalid=\"false\" value=\"\" type=\"text\" name=\"story\" \/><\/span>\n\t\t<\/p>\n\t<\/div>\n\n <!-- I am interested in the video of: -->\n\t<div class=\"input-group\">\n\t\t<p><label>I am interested in the video of:<\/label>\n\t\t<\/p>\n\t\t<div class=\"checkbox-group\">\n\t\t\t<p><span class=\"wpcf7-form-control-wrap\" data-name=\"video-interests\"><span class=\"wpcf7-form-control wpcf7-checkbox\"><span class=\"wpcf7-list-item first\"><label><input type=\"checkbox\" name=\"video-interests[]\" value=\"Wedding Destination\" \/><span class=\"wpcf7-list-item-label\">Wedding Destination<\/span><\/label><\/span><span class=\"wpcf7-list-item\"><label><input type=\"checkbox\" name=\"video-interests[]\" value=\"Wedding Date\" \/><span class=\"wpcf7-list-item-label\">Wedding Date<\/span><\/label><\/span><span class=\"wpcf7-list-item\"><label><input type=\"checkbox\" name=\"video-interests[]\" value=\"Save the date\" \/><span class=\"wpcf7-list-item-label\">Recuerdo de Boda<\/span><\/label><\/span><span class=\"wpcf7-list-item\"><label><input type=\"checkbox\" name=\"video-interests[]\" value=\"Trash the dress\" \/><span class=\"wpcf7-list-item-label\">Pos boda<\/span><\/label><\/span><span class=\"wpcf7-list-item last\"><label><input type=\"checkbox\" name=\"video-interests[]\" value=\"Other:\" \/><span class=\"wpcf7-list-item-label\">Other:<\/span><\/label><\/span><\/span><\/span>\n\t\t\t<\/p>\n\t\t<\/div>\n\t<\/div>\n\n <!-- How did you get involved with Film by Juan Montoya? -->\n\t<div class=\"input-group\">\n\t\t<p><label>\u00bfC\u00f3mo llegaste a Film By Juan Montoya?<\/label>\n\t\t<\/p>\n\t\t<div class=\"checkbox-group\">\n\t\t\t<p><span class=\"wpcf7-form-control-wrap\" data-name=\"how-found-us\"><span class=\"wpcf7-form-control wpcf7-checkbox\"><span class=\"wpcf7-list-item first\"><label><input type=\"checkbox\" name=\"how-found-us[]\" value=\"Social networks\" \/><span class=\"wpcf7-list-item-label\">Redes sociales<\/span><\/label><\/span><span class=\"wpcf7-list-item\"><label><input type=\"checkbox\" name=\"how-found-us[]\" value=\"Recommendation\" \/><span class=\"wpcf7-list-item-label\">Recomendaci\u00f3n<\/span><\/label><\/span><span class=\"wpcf7-list-item\"><label><input type=\"checkbox\" name=\"how-found-us[]\" value=\"Google\" \/><span class=\"wpcf7-list-item-label\">Google<\/span><\/label><\/span><span class=\"wpcf7-list-item last\"><label><input type=\"checkbox\" name=\"how-found-us[]\" value=\"Other:\" \/><span class=\"wpcf7-list-item-label\">Other:<\/span><\/label><\/span><\/span><\/span>\n\t\t\t<\/p>\n\t\t<\/div>\n\t<\/div>\n\n <!-- Bot\u00f3n de env\u00edo -->\n\t<div class=\"input-group\">\n\t\t<p><input class=\"wpcf7-form-control wpcf7-submit has-spinner\" type=\"submit\" value=\"Send\" \/>\n\t\t<\/p>\n\t<\/div>\n<\/div><div class=\"wpcf7-response-output\" aria-hidden=\"true\"><\/div>\n<input type=\"hidden\" name=\"trp-form-language\" value=\"es\"\/><\/form>\n<\/div>\n<\/div>\n\t\t\t\t\t\t<\/div>\n\t\t\t\t<\/div>\n\t\t\t\t<\/div>\n\t\t\t\t<\/div>\n\t\t\t\t<\/div>\n\t\t\t\t<\/div>","protected":false},"excerpt":{"rendered":"<p>Filmmaker for wedding Let&#8217;s match Write us and we&#8217;ll send you our dossier with all the details to tell your story to way it deserves.<\/p>","protected":false},"author":1,"featured_media":0,"parent":0,"menu_order":0,"comment_status":"closed","ping_status":"closed","template":"elementor_header_footer","meta":{"footnotes":""},"class_list":["post-47","page","type-page","status-publish","hentry"],"yoast_head":"<!-- This site is optimized with the Yoast SEO plugin v27.4 - https:\/\/yoast.com\/product\/yoast-seo-wordpress\/ -->\n<title>CONTACT - Film By Juan Montoya<\/title>\n<meta name=\"robots\" content=\"index, follow, max-snippet:-1, max-image-preview:large, max-video-preview:-1\" \/>\n<link rel=\"canonical\" href=\"https:\/\/juanmontoyaweddings.com\/es\/filmmaker-for-weddings\/\" \/>\n<meta property=\"og:locale\" content=\"es_ES\" \/>\n<meta property=\"og:type\" content=\"article\" \/>\n<meta property=\"og:title\" content=\"CONTACT - Film By Juan Montoya\" \/>\n<meta property=\"og:description\" content=\"Filmmaker for wedding Let&#8217;s match Write us and we&#8217;ll send you our dossier with all the details to tell your story to way it deserves.\" \/>\n<meta property=\"og:url\" content=\"https:\/\/juanmontoyaweddings.com\/es\/filmmaker-for-weddings\/\" \/>\n<meta property=\"og:site_name\" content=\"Film By Juan Montoya\" \/>\n<meta property=\"article:modified_time\" content=\"2026-05-11T20:23:08+00:00\" \/>\n<meta property=\"og:image\" content=\"https:\/\/juanmontoyaweddings.com\/wp-content\/uploads\/2026\/02\/IMG_9893.JPG.jpeg\" \/>\n\t<meta property=\"og:image:width\" content=\"2512\" \/>\n\t<meta property=\"og:image:height\" content=\"2160\" \/>\n\t<meta property=\"og:image:type\" content=\"image\/jpeg\" \/>\n<meta name=\"twitter:card\" content=\"summary_large_image\" \/>\n<meta name=\"twitter:label1\" content=\"Tiempo de lectura\" \/>\n\t<meta name=\"twitter:data1\" content=\"1 minuto\" \/>\n<script type=\"application\/ld+json\" class=\"yoast-schema-graph\">{\"@context\":\"https:\\\/\\\/schema.org\",\"@graph\":[{\"@type\":\"WebPage\",\"@id\":\"https:\\\/\\\/juanmontoyaweddings.com\\\/filmmaker-for-weddings\\\/\",\"url\":\"https:\\\/\\\/juanmontoyaweddings.com\\\/filmmaker-for-weddings\\\/\",\"name\":\"CONTACT - Film By Juan Montoya\",\"isPartOf\":{\"@id\":\"https:\\\/\\\/juanmontoyaweddings.com\\\/#website\"},\"primaryImageOfPage\":{\"@id\":\"https:\\\/\\\/juanmontoyaweddings.com\\\/filmmaker-for-weddings\\\/#primaryimage\"},\"image\":{\"@id\":\"https:\\\/\\\/juanmontoyaweddings.com\\\/filmmaker-for-weddings\\\/#primaryimage\"},\"thumbnailUrl\":\"https:\\\/\\\/juanmontoyaweddings.com\\\/wp-content\\\/uploads\\\/2026\\\/02\\\/IMG_9893.JPG.jpeg\",\"datePublished\":\"2025-06-13T23:54:49+00:00\",\"dateModified\":\"2026-05-11T20:23:08+00:00\",\"breadcrumb\":{\"@id\":\"https:\\\/\\\/juanmontoyaweddings.com\\\/filmmaker-for-weddings\\\/#breadcrumb\"},\"inLanguage\":\"es-CO\",\"potentialAction\":[{\"@type\":\"ReadAction\",\"target\":[\"https:\\\/\\\/juanmontoyaweddings.com\\\/filmmaker-for-weddings\\\/\"]}]},{\"@type\":\"ImageObject\",\"inLanguage\":\"es-CO\",\"@id\":\"https:\\\/\\\/juanmontoyaweddings.com\\\/filmmaker-for-weddings\\\/#primaryimage\",\"url\":\"https:\\\/\\\/juanmontoyaweddings.com\\\/wp-content\\\/uploads\\\/2026\\\/02\\\/IMG_9893.JPG.jpeg\",\"contentUrl\":\"https:\\\/\\\/juanmontoyaweddings.com\\\/wp-content\\\/uploads\\\/2026\\\/02\\\/IMG_9893.JPG.jpeg\"},{\"@type\":\"BreadcrumbList\",\"@id\":\"https:\\\/\\\/juanmontoyaweddings.com\\\/filmmaker-for-weddings\\\/#breadcrumb\",\"itemListElement\":[{\"@type\":\"ListItem\",\"position\":1,\"name\":\"Home\",\"item\":\"https:\\\/\\\/juanmontoyaweddings.com\\\/\"},{\"@type\":\"ListItem\",\"position\":2,\"name\":\"CONTACT\"}]},{\"@type\":\"WebSite\",\"@id\":\"https:\\\/\\\/juanmontoyaweddings.com\\\/#website\",\"url\":\"https:\\\/\\\/juanmontoyaweddings.com\\\/\",\"name\":\"Film By Juan Montoya\",\"description\":\"\",\"publisher\":{\"@id\":\"https:\\\/\\\/juanmontoyaweddings.com\\\/#organization\"},\"potentialAction\":[{\"@type\":\"SearchAction\",\"target\":{\"@type\":\"EntryPoint\",\"urlTemplate\":\"https:\\\/\\\/juanmontoyaweddings.com\\\/?s={search_term_string}\"},\"query-input\":{\"@type\":\"PropertyValueSpecification\",\"valueRequired\":true,\"valueName\":\"search_term_string\"}}],\"inLanguage\":\"es-CO\"},{\"@type\":\"Organization\",\"@id\":\"https:\\\/\\\/juanmontoyaweddings.com\\\/#organization\",\"name\":\"Film By Juan Montoya\",\"url\":\"https:\\\/\\\/juanmontoyaweddings.com\\\/\",\"logo\":{\"@type\":\"ImageObject\",\"inLanguage\":\"es-CO\",\"@id\":\"https:\\\/\\\/juanmontoyaweddings.com\\\/#\\\/schema\\\/logo\\\/image\\\/\",\"url\":\"https:\\\/\\\/juanmontoyaweddings.com\\\/wp-content\\\/uploads\\\/2025\\\/06\\\/cropped-Logo_Logo-Juan-Montoya-negro-png-e1778527382932.png\",\"contentUrl\":\"https:\\\/\\\/juanmontoyaweddings.com\\\/wp-content\\\/uploads\\\/2025\\\/06\\\/cropped-Logo_Logo-Juan-Montoya-negro-png-e1778527382932.png\",\"width\":924,\"height\":212,\"caption\":\"Film By Juan Montoya\"},\"image\":{\"@id\":\"https:\\\/\\\/juanmontoyaweddings.com\\\/#\\\/schema\\\/logo\\\/image\\\/\"}}]}<\/script>\n<!-- \/ Yoast SEO plugin. -->","yoast_head_json":{"title":"CONTACT - Film By Juan Montoya","robots":{"index":"index","follow":"follow","max-snippet":"max-snippet:-1","max-image-preview":"max-image-preview:large","max-video-preview":"max-video-preview:-1"},"canonical":"https:\/\/juanmontoyaweddings.com\/es\/filmmaker-for-weddings\/","og_locale":"es_ES","og_type":"article","og_title":"CONTACT - Film By Juan Montoya","og_description":"Filmmaker for wedding Let&#8217;s match Write us and we&#8217;ll send you our dossier with all the details to tell your story to way it deserves.","og_url":"https:\/\/juanmontoyaweddings.com\/es\/filmmaker-for-weddings\/","og_site_name":"Film By Juan Montoya","article_modified_time":"2026-05-11T20:23:08+00:00","og_image":[{"width":2512,"height":2160,"url":"https:\/\/juanmontoyaweddings.com\/wp-content\/uploads\/2026\/02\/IMG_9893.JPG.jpeg","type":"image\/jpeg"}],"twitter_card":"summary_large_image","twitter_misc":{"Tiempo de lectura":"1 minuto"},"schema":{"@context":"https:\/\/schema.org","@graph":[{"@type":"WebPage","@id":"https:\/\/juanmontoyaweddings.com\/filmmaker-for-weddings\/","url":"https:\/\/juanmontoyaweddings.com\/filmmaker-for-weddings\/","name":"CONTACT - Film By Juan Montoya","isPartOf":{"@id":"https:\/\/juanmontoyaweddings.com\/#website"},"primaryImageOfPage":{"@id":"https:\/\/juanmontoyaweddings.com\/filmmaker-for-weddings\/#primaryimage"},"image":{"@id":"https:\/\/juanmontoyaweddings.com\/filmmaker-for-weddings\/#primaryimage"},"thumbnailUrl":"https:\/\/juanmontoyaweddings.com\/wp-content\/uploads\/2026\/02\/IMG_9893.JPG.jpeg","datePublished":"2025-06-13T23:54:49+00:00","dateModified":"2026-05-11T20:23:08+00:00","breadcrumb":{"@id":"https:\/\/juanmontoyaweddings.com\/filmmaker-for-weddings\/#breadcrumb"},"inLanguage":"es-CO","potentialAction":[{"@type":"ReadAction","target":["https:\/\/juanmontoyaweddings.com\/filmmaker-for-weddings\/"]}]},{"@type":"ImageObject","inLanguage":"es-CO","@id":"https:\/\/juanmontoyaweddings.com\/filmmaker-for-weddings\/#primaryimage","url":"https:\/\/juanmontoyaweddings.com\/wp-content\/uploads\/2026\/02\/IMG_9893.JPG.jpeg","contentUrl":"https:\/\/juanmontoyaweddings.com\/wp-content\/uploads\/2026\/02\/IMG_9893.JPG.jpeg"},{"@type":"BreadcrumbList","@id":"https:\/\/juanmontoyaweddings.com\/filmmaker-for-weddings\/#breadcrumb","itemListElement":[{"@type":"ListItem","position":1,"name":"Home","item":"https:\/\/juanmontoyaweddings.com\/"},{"@type":"ListItem","position":2,"name":"CONTACT"}]},{"@type":"WebSite","@id":"https:\/\/juanmontoyaweddings.com\/#website","url":"https:\/\/juanmontoyaweddings.com\/","name":"Film By Juan Montoya","description":"","publisher":{"@id":"https:\/\/juanmontoyaweddings.com\/#organization"},"potentialAction":[{"@type":"SearchAction","target":{"@type":"EntryPoint","urlTemplate":"https:\/\/juanmontoyaweddings.com\/?s={search_term_string}"},"query-input":{"@type":"PropertyValueSpecification","valueRequired":true,"valueName":"search_term_string"}}],"inLanguage":"es-CO"},{"@type":"Organization","@id":"https:\/\/juanmontoyaweddings.com\/#organization","name":"Film By Juan Montoya","url":"https:\/\/juanmontoyaweddings.com\/","logo":{"@type":"ImageObject","inLanguage":"es-CO","@id":"https:\/\/juanmontoyaweddings.com\/#\/schema\/logo\/image\/","url":"https:\/\/juanmontoyaweddings.com\/wp-content\/uploads\/2025\/06\/cropped-Logo_Logo-Juan-Montoya-negro-png-e1778527382932.png","contentUrl":"https:\/\/juanmontoyaweddings.com\/wp-content\/uploads\/2025\/06\/cropped-Logo_Logo-Juan-Montoya-negro-png-e1778527382932.png","width":924,"height":212,"caption":"Film By Juan Montoya"},"image":{"@id":"https:\/\/juanmontoyaweddings.com\/#\/schema\/logo\/image\/"}}]}},"_links":{"self":[{"href":"https:\/\/juanmontoyaweddings.com\/es\/wp-json\/wp\/v2\/pages\/47","targetHints":{"allow":["GET"]}}],"collection":[{"href":"https:\/\/juanmontoyaweddings.com\/es\/wp-json\/wp\/v2\/pages"}],"about":[{"href":"https:\/\/juanmontoyaweddings.com\/es\/wp-json\/wp\/v2\/types\/page"}],"author":[{"embeddable":true,"href":"https:\/\/juanmontoyaweddings.com\/es\/wp-json\/wp\/v2\/users\/1"}],"replies":[{"embeddable":true,"href":"https:\/\/juanmontoyaweddings.com\/es\/wp-json\/wp\/v2\/comments?post=47"}],"version-history":[{"count":88,"href":"https:\/\/juanmontoyaweddings.com\/es\/wp-json\/wp\/v2\/pages\/47\/revisions"}],"predecessor-version":[{"id":1595,"href":"https:\/\/juanmontoyaweddings.com\/es\/wp-json\/wp\/v2\/pages\/47\/revisions\/1595"}],"wp:attachment":[{"href":"https:\/\/juanmontoyaweddings.com\/es\/wp-json\/wp\/v2\/media?parent=47"}],"curies":[{"name":"wp","href":"https:\/\/api.w.org\/{rel}","templated":true}]}}